{"id":977,"date":"2025-05-29T15:06:36","date_gmt":"2025-05-29T15:06:36","guid":{"rendered":"https:\/\/gainback.mx\/coming-soon\/?page_id=977"},"modified":"2025-05-29T15:45:14","modified_gmt":"2025-05-29T15:45:14","slug":"aviso-de-privacidad","status":"publish","type":"page","link":"https:\/\/gainback.mx\/coming-soon\/aviso-de-privacidad\/","title":{"rendered":"Aviso de Privacidad"},"content":{"rendered":"<h1>Aviso de Privacidad<\/h1>\n<p>La seguridad de tus datos es esencial para nosotros. Descubre nuestro compromiso con tu privacidad.<\/p>\n<p data-sourcepos=\"7:1-7:321\">En <strong>&#8220;GAINBACK&#8221;<\/strong>, su privacidad y confianza son muy importantes; por ello, queremos asegurarnos de que nuestros clientes conozcan c\u00f3mo salvaguardamos la integridad, privacidad y protecci\u00f3n de sus datos personales conforme a lo previsto en la Ley Federal de Protecci\u00f3n de Datos Personales en Posesi\u00f3n de los Particulares.<\/p>\n<p data-sourcepos=\"9:1-9:40\"><strong>I. CONTENIDO DE LOS DATOS PERSONALES<\/strong><\/p>\n<p data-sourcepos=\"11:1-11:267\">De acuerdo con la Ley, se entienden como &#8220;Datos Personales&#8221; cualquier informaci\u00f3n alusiva a una persona f\u00edsica identificada o identificable. Para efectos del presente Aviso de Privacidad, de manera enunciativa m\u00e1s no limitativa, se entender\u00e1n como &#8220;Datos Personales&#8221;.<\/p>\n<p data-sourcepos=\"13:1-13:22\">a) <strong>Datos generales<\/strong><\/p>\n<ul data-sourcepos=\"14:1-21:30\">\n<li data-sourcepos=\"14:1-14:25\">Nombre (s) y apellidos.<\/li>\n<li data-sourcepos=\"15:1-15:22\">Fecha de nacimiento.<\/li>\n<li data-sourcepos=\"16:1-16:7\">Sexo.<\/li>\n<li data-sourcepos=\"17:1-17:15\">Estado civil.<\/li>\n<li data-sourcepos=\"18:1-18:12\">Domicilio.<\/li>\n<li data-sourcepos=\"19:1-19:15\">Tel\u00e9fono (s).<\/li>\n<li data-sourcepos=\"20:1-20:21\">Correo electr\u00f3nico.<\/li>\n<li data-sourcepos=\"21:1-21:30\">Entre otros datos similares.<\/li>\n<\/ul>\n<p>b) <strong>Datos personales sensibles<\/strong><\/p>\n<p data-sourcepos=\"5:1-5:135\">Le informamos que para cumplir con las finalidades previstas en este aviso, ser\u00e1n recabados y tratados datos personales sensibles como:<\/p>\n<ul data-sourcepos=\"7:1-13:0\">\n<li data-sourcepos=\"7:1-7:25\">Origen racial o \u00e9tnico.<\/li>\n<li data-sourcepos=\"8:1-8:36\">Estado de salud presente y futuro.<\/li>\n<li data-sourcepos=\"9:1-9:23\">Informaci\u00f3n gen\u00e9tica.<\/li>\n<li data-sourcepos=\"10:1-10:46\">Creencias religiosas, filos\u00f3ficas y morales.<\/li>\n<li data-sourcepos=\"11:1-11:22\">Opiniones pol\u00edticas.<\/li>\n<li data-sourcepos=\"12:1-13:0\">Preferencia sexual.<\/li>\n<\/ul>\n<p data-sourcepos=\"14:1-14:122\">Por lo tanto se declara que los mismos ser\u00e1n tratados bajo medidas de seguridad, siempre garantizando su confidencialidad.<\/p>\n<p data-sourcepos=\"16:1-16:208\">Si usted no manifiesta su oposici\u00f3n mediante la solicitud de revocaci\u00f3n para los derechos ARCO, para que sus datos personales sensibles sean tratados, se entender\u00e1 que ha otorgado su consentimiento para ello.<\/p>\n<p data-sourcepos=\"18:1-18:391\"><strong>Consentimiento<\/strong>: &#8220;Al recibir este aviso, manifiesto mi voluntad como titular de los datos, para que &#8220;GAINBACK&#8221; efect\u00fae el tratamiento de los mismos, entendiendo como tratamiento la obtenci\u00f3n, uso, divulgaci\u00f3n o almacenamiento de datos personales, por cualquier medio. El uso abarca cualquier acci\u00f3n de acceso, manejo, aprovechamiento, transferencia o disposici\u00f3n de mis datos personales&#8221;.<\/p>\n<p data-sourcepos=\"20:1-20:64\"><strong>II. SOBRE LA PERSONA RESPONSABLE DE RECABAR DATOS PERSONALES<\/strong><\/p>\n<p data-sourcepos=\"22:1-22:410\">Se declara a &#8220;GAINBACK&#8221; (SALVADOR BOBADILLA MENDOZA). A QUIEN COMERCIALMENTE SE LE CONOCE COMO &#8220;GAINBACK&#8221;, A QUIEN EN LO SUCESIVO Y PARA LOS EFECTOS DE ESTE CONTRATO SE LE DENOMINAR\u00c1 &#8220;LA EMPRESA&#8221;) como la persona moral responsable de recabar Datos Personales de los usuarios o clientes de la empresa, con domicilio en AVENIDA (AV.) SIERRA NEVADA, Col. VALLE DON CAMILO Int 312, TOLUCA, ESTADO DE M\u00c9XICO, 50140.<\/p>\n<p data-sourcepos=\"3:1-3:40\"><strong>III. TRATAMIENTO DE DATOS PERSONALES<\/strong><\/p>\n<p data-sourcepos=\"5:1-5:261\">Se considera &#8220;Tratamiento de Datos Personales&#8221; la obtenci\u00f3n, uso, divulgaci\u00f3n o almacenamiento de Datos Personales por cualquier medio. El uso se extiende a cualquier actividad de acceso, manejo, aprovechamiento, transferencia o disposici\u00f3n de Datos Personales.<\/p>\n<p data-sourcepos=\"7:1-7:112\">El Tratamiento de Datos Personales por parte de <strong>&#8220;GAINBACK&#8221;<\/strong> se sujetar\u00e1 a lo dispuesto en el siguiente punto.<\/p>\n<p data-sourcepos=\"9:1-9:237\">Se le hace del conocimiento al Titular de los datos personales que las im\u00e1genes y sonidos captados por las c\u00e1maras de video vigilancia, ser\u00e1n utilizados para su seguridad y de las personas que visiten las instalaciones de <strong>&#8220;GAINBACK&#8221;<\/strong>.<\/p>\n<p data-sourcepos=\"11:1-11:55\"><strong>IV. FINALIDADES DEL TRATAMIENTO DE DATOS PERSONALES<\/strong><\/p>\n<p data-sourcepos=\"13:1-13:179\">A trav\u00e9s del presente Aviso de Privacidad, <strong>&#8220;GAINBACK&#8221;<\/strong> declara que las finalidades del tratamiento de tus Datos Personales ser\u00e1n los siguientes (&#8220;Finalidades del Tratamiento&#8221;):<\/p>\n<ol data-sourcepos=\"15:1-22:0\">\n<li data-sourcepos=\"15:1-15:28\">El env\u00edo de cotizaciones,<\/li>\n<li data-sourcepos=\"16:1-16:15\">Promociones,<\/li>\n<li data-sourcepos=\"17:1-17:25\">Recordatorios y citas,<\/li>\n<li data-sourcepos=\"18:1-18:24\">Cartas de bienvenida,<\/li>\n<li data-sourcepos=\"19:1-19:40\">Informaci\u00f3n sobre campa\u00f1as, as\u00ed como;<\/li>\n<li data-sourcepos=\"20:1-20:143\">Para dar seguimiento a los comentarios, consultas, quejas y reclamaciones que usted presente en relaci\u00f3n con nuestros productos y servicios;<\/li>\n<li data-sourcepos=\"21:1-22:0\">Y para mantener controles estad\u00edsticos y administrativos y, en su caso, para fines de publicidad.<\/li>\n<\/ol>\n<p data-sourcepos=\"23:1-23:230\">En caso de que se pretenda tratar los Datos Personales de los usuarios para un fin distinto al expresado en el presente Aviso de Privacidad, <strong>&#8220;GAINBACK&#8221;<\/strong> deber\u00e1 obtener el consentimiento del usuario para tal fin de nueva cuenta.<\/p>\n<p data-sourcepos=\"25:1-25:53\"><strong>V. ACEPTACI\u00d3N DEL TRATAMIENTO DE DATOS PERSONALES<\/strong><\/p>\n<p data-sourcepos=\"27:1-27:390\">Los datos personales que usted (en lo sucesivo <strong>&#8220;el Titular&#8221;<\/strong>) ha proporcionado directamente o a trav\u00e9s de medios electr\u00f3nicos a <strong>&#8220;GAINBACK&#8221;<\/strong> (En lo sucesivo <strong>&#8220;el Responsable&#8221;<\/strong>), han sido recabados y ser\u00e1n tratados por <strong>&#8220;GAINBACK&#8221;<\/strong> bajo los principios de licitud, consentimiento, informaci\u00f3n, calidad, finalidad, lealtad y responsabilidad de conformidad con lo dispuesto por la Ley.<\/p>\n<p data-sourcepos=\"3:1-3:43\"><strong>LIMITACIONES DE USO DE DATOS PERSONALES<\/strong><\/p>\n<p data-sourcepos=\"5:1-5:393\">En caso de que <strong>&#8220;el Titular&#8221;<\/strong> desee limitar el uso de sus Datos Personales, en relaci\u00f3n con una o varias de las finalidades del Tratamiento de Datos Personales (por ejemplo, correos publicitarios, felicitaciones de cumplea\u00f1os, investigaciones de mercado, entre otros), podr\u00e1 enviar la solicitud correspondiente conforme al proceso estipulado en el punto VII del presente Aviso de Privacidad.<\/p>\n<p data-sourcepos=\"7:1-7:66\"><strong>VI. DERECHOS DE ACCESO, RECTIFICACI\u00d3N, CANCELACI\u00d3N U OPOSICI\u00d3N<\/strong><\/p>\n<p data-sourcepos=\"9:1-9:196\">De acuerdo a lo establecido en la Ley, el Titular tiene derecho al acceso, rectificaci\u00f3n cancelaci\u00f3n u oposici\u00f3n al Tratamiento de sus Datos Personales para cual se deber\u00e1 seguir el procedimiento:<\/p>\n<p data-sourcepos=\"11:1-11:226\">a) Acudir con el titular de <strong>&#8220;GAINBACK&#8221;<\/strong> en <strong>AVENIDA (AV.)SIERRA NEVADA, Col. VALLE DON CAMILO, Int 312, TOLUCA, ESTADO DE M\u00c9XICO, 50140<\/strong> o enviar un correo electr\u00f3nico a <strong>gainbackadm@gmail.com<\/strong> con la solicitud deseada.<\/p>\n<p data-sourcepos=\"13:1-13:145\">b) Llenar la solicitud correspondiente que le ser\u00e1 entregada en las instalaciones de <strong>&#8220;GAINBACK&#8221;<\/strong>, <strong>&#8220;FORMATO DE SOLICITUD DE DERECHOS ARCO&#8221;<\/strong>.<\/p>\n<p data-sourcepos=\"15:1-15:182\">c) <strong>&#8220;GAINBACK&#8221;<\/strong> comunicar\u00e1 al Titular de los Datos Personales la determinaci\u00f3n adoptada en un plazo no mayor a 10 d\u00edas h\u00e1biles, a partir de la fecha en que se recibi\u00f3 la solicitud.<\/p>\n<p data-sourcepos=\"17:1-17:43\">d) Negativa para acceder a Datos Personales<\/p>\n<p data-sourcepos=\"19:1-19:194\"><strong>&#8220;GAINBACK&#8221;<\/strong> podr\u00e1 negar el acceso total o parcial a los Datos Personales o a la realizaci\u00f3n de la rectificaci\u00f3n, cancelaci\u00f3n u oposici\u00f3n al tratamiento de los mismos, en los siguientes casos:<\/p>\n<ul data-sourcepos=\"21:1-25:130\">\n<li data-sourcepos=\"21:1-21:96\">Cuando el solicitante no sea el titular o el representante legal no est\u00e9 acreditado para ello.<\/li>\n<li data-sourcepos=\"22:1-22:101\">Cuando en la Base de Datos de <strong>&#8220;GAINBACK&#8221;<\/strong> no se encuentren los Datos Personales del solicitante.<\/li>\n<li data-sourcepos=\"23:1-23:48\">Cuando se lesionen los derechos de un tercero.<\/li>\n<li data-sourcepos=\"24:1-24:64\">Cuando exista impedimento legal o resoluci\u00f3n de una autoridad.<\/li>\n<li data-sourcepos=\"25:1-25:130\">Cuando la rectificaci\u00f3n, cancelaci\u00f3n u oposici\u00f3n haya sido previamente realizada, de manera que la solicitud carezca de materia.<\/li>\n<\/ul>\n<p>\u00daltima revisi\u00f3n: 30 de Mayo del 2025<\/p>\n","protected":false},"excerpt":{"rendered":"<p>Aviso de Privacidad La seguridad de tus datos es esencial para nosotros. Descubre nuestro compromiso con tu privacidad. En &#8220;GAINBACK&#8221;, su privacidad y confianza son muy importantes; por ello, queremos asegurarnos de que nuestros clientes conozcan c\u00f3mo salvaguardamos la integridad, privacidad y protecci\u00f3n de sus datos personales conforme a lo previsto en la Ley Federal&#8230;<\/p>\n","protected":false},"author":3,"featured_media":0,"parent":0,"menu_order":0,"comment_status":"closed","ping_status":"closed","template":"elementor_header_footer","meta":{"_acf_changed":false,"footnotes":""},"class_list":["post-977","page","type-page","status-publish","hentry"],"acf":[],"_links":{"self":[{"href":"https:\/\/gainback.mx\/coming-soon\/wp-json\/wp\/v2\/pages\/977","targetHints":{"allow":["GET"]}}],"collection":[{"href":"https:\/\/gainback.mx\/coming-soon\/wp-json\/wp\/v2\/pages"}],"about":[{"href":"https:\/\/gainback.mx\/coming-soon\/wp-json\/wp\/v2\/types\/page"}],"author":[{"embeddable":true,"href":"https:\/\/gainback.mx\/coming-soon\/wp-json\/wp\/v2\/users\/3"}],"replies":[{"embeddable":true,"href":"https:\/\/gainback.mx\/coming-soon\/wp-json\/wp\/v2\/comments?post=977"}],"version-history":[{"count":37,"href":"https:\/\/gainback.mx\/coming-soon\/wp-json\/wp\/v2\/pages\/977\/revisions"}],"predecessor-version":[{"id":1015,"href":"https:\/\/gainback.mx\/coming-soon\/wp-json\/wp\/v2\/pages\/977\/revisions\/1015"}],"wp:attachment":[{"href":"https:\/\/gainback.mx\/coming-soon\/wp-json\/wp\/v2\/media?parent=977"}],"curies":[{"name":"wp","href":"https:\/\/api.w.org\/{rel}","templated":true}]}}